{"id":2,"date":"2015-11-24T11:44:28","date_gmt":"2015-11-24T11:44:28","guid":{"rendered":"http:\/\/www.dalmacija-kamen.hr\/?page_id=2"},"modified":"2020-08-13T11:29:22","modified_gmt":"2020-08-13T11:29:22","slug":"izvedbe","status":"publish","type":"page","link":"https:\/\/www.dalmacija-kamen.hr\/en\/izvedbe\/","title":{"rendered":"Stonework"},"content":{"rendered":"<p>[vc_row][vc_column][vc_column_text css_animation=&#8221;top-to-bottom&#8221;]IZVEDBE ILI RJE\u0160ENJA<\/p>\n<p>Nudi vam velik izbor proizvoda i mogu\u0107ih rije\u0161enja prema va\u0161im potrebama. Pogledajte neke od primjera po kategorijama: Enterijeri u kamenu, Exsterijeri, Podovi i Fasade.[\/vc_column_text][\/vc_column][\/vc_row][vc_row][vc_column][vc_images_carousel images=&#8221;76,70,127,125,124,119,118,75,71,126&#8243; img_size=&#8221;130&#8243; slides_per_view=&#8221;5&#8243; title=&#8221;Enterijeri u kamenu&#8221;][\/vc_column][\/vc_row][vc_row][vc_column][vc_images_carousel images=&#8221;128,137,159,181,186,74,190,160,188,77,149,179,184,175,169,166,158,130,129&#8243; img_size=&#8221;130&#8243; slides_per_view=&#8221;5&#8243; autoplay=&#8221;yes&#8221; wrap=&#8221;yes&#8221; title=&#8221;Exsterijeri&#8221;][\/vc_column][\/vc_row][vc_row][vc_column][vc_images_carousel images=&#8221;196,175,189,187,172,148,151&#8243; img_size=&#8221;130&#8243; slides_per_view=&#8221;5&#8243; title=&#8221;Podovi&#8221;][\/vc_column][\/vc_row][vc_row][vc_column][vc_images_carousel images=&#8221;74,128,162,161,160,77,73,174,159&#8243; img_size=&#8221;150&#8243; slides_per_view=&#8221;5&#8243; title=&#8221;Fasade&#8221;][\/vc_column][\/vc_row]<\/p>","protected":false},"excerpt":{"rendered":"<p>[vc_row][vc_column][vc_column_text css_animation=&#8221;top-to-bottom&#8221;]IZVEDBE ILI RJE\u0160ENJA Nudi vam velik izbor proizvoda i mogu\u0107ih rije\u0161enja prema va\u0161im potrebama. Pogledajte neke od primjera po kategorijama: Enterijeri u kamenu, Exsterijeri, Podovi i Fasade.[\/vc_column_text][\/vc_column][\/vc_row][vc_row][vc_column][vc_images_carousel images=&#8221;76,70,127,125,124,119,118,75,71,126&#8243; img_size=&#8221;130&#8243; slides_per_view=&#8221;5&#8243; title=&#8221;Enterijeri u kamenu&#8221;][\/vc_column][\/vc_row][vc_row][vc_column][vc_images_carousel images=&#8221;128,137,159,181,186,74,190,160,188,77,149,179,184,175,169,166,158,130,129&#8243; img_size=&#8221;130&#8243; slides_per_view=&#8221;5&#8243; autoplay=&#8221;yes&#8221; wrap=&#8221;yes&#8221; title=&#8221;Exsterijeri&#8221;][\/vc_column][\/vc_row][vc_row][vc_column][vc_images_carousel images=&#8221;196,175,189,187,172,148,151&#8243; img_size=&#8221;130&#8243; slides_per_view=&#8221;5&#8243; title=&#8221;Podovi&#8221;][\/vc_column][\/vc_row][vc_row][vc_column][vc_images_carousel images=&#8221;74,128,162,161,160,77,73,174,159&#8243; img_size=&#8221;150&#8243; slides_per_view=&#8221;5&#8243; title=&#8221;Fasade&#8221;][\/vc_column][\/vc_row]<\/p>","protected":false},"author":1,"featured_media":0,"parent":0,"menu_order":0,"comment_status":"closed","ping_status":"open","template":"","meta":[],"_links":{"self":[{"href":"https:\/\/www.dalmacija-kamen.hr\/en\/wp-json\/wp\/v2\/pages\/2"}],"collection":[{"href":"https:\/\/www.dalmacija-kamen.hr\/en\/wp-json\/wp\/v2\/pages"}],"about":[{"href":"https:\/\/www.dalmacija-kamen.hr\/en\/wp-json\/wp\/v2\/types\/page"}],"author":[{"embeddable":true,"href":"https:\/\/www.dalmacija-kamen.hr\/en\/wp-json\/wp\/v2\/users\/1"}],"replies":[{"embeddable":true,"href":"https:\/\/www.dalmacija-kamen.hr\/en\/wp-json\/wp\/v2\/comments?post=2"}],"version-history":[{"count":14,"href":"https:\/\/www.dalmacija-kamen.hr\/en\/wp-json\/wp\/v2\/pages\/2\/revisions"}],"predecessor-version":[{"id":331,"href":"https:\/\/www.dalmacija-kamen.hr\/en\/wp-json\/wp\/v2\/pages\/2\/revisions\/331"}],"wp:attachment":[{"href":"https:\/\/www.dalmacija-kamen.hr\/en\/wp-json\/wp\/v2\/media?parent=2"}],"curies":[{"name":"wp","href":"https:\/\/api.w.org\/{rel}","templated":true}]}}