{"id":21,"date":"2015-12-16T18:49:00","date_gmt":"2015-12-16T18:49:00","guid":{"rendered":"http:\/\/www.dalmacija-kamen.hr\/?page_id=21"},"modified":"2016-01-14T13:38:47","modified_gmt":"2016-01-14T13:38:47","slug":"proizvodi","status":"publish","type":"page","link":"https:\/\/www.dalmacija-kamen.hr\/en\/proizvodi\/","title":{"rendered":"Products"},"content":{"rendered":"<p>[vc_row][vc_column width=&#8221;1\/2&#8243;][vc_column_text]<\/p>\n<ol>\n<li><strong><a href=\"http:\/\/www.dalmacija-kamen.hr\/en\/materijal\/ben\/\">BEN<\/a><\/strong><\/li>\n<\/ol>\n<p>BEN is a type of stone used for wall cladding.<\/p>\n<p>It is used for interior\nand exterior.<\/p>\n<p>With it\u2019s effective look, a wall covered with BEN make impression that\nthe wall was built of stone... <strong><a href=\"http:\/\/www.dalmacija-kamen.hr\/en\/materijal\/ben\/\">Read more...<\/a><\/strong>[\/vc_column_text][\/vc_column][vc_column width=&#8221;1\/2&#8243;][vc_images_carousel images=&#8221;122,120,121,123,124,119,125,126,127,128,129,130&#8243; img_size=&#8221;150&#8243; onclick=&#8221;custom_link&#8221; slides_per_view=&#8221;2&#8243; custom_links=&#8221;#E-8_aHR0cCUzQSUyRiUyRnd3dy5kYWxtYWNpamEta2FtZW4uaHIlMkZtYXRlcmlqYWwlMkZiZW4=&#8221;][\/vc_column][\/vc_row][vc_row][vc_column][vc_separator color=&#8221;blue&#8221; style=&#8221;shadow&#8221;][\/vc_column][\/vc_row][vc_row][vc_column width=&#8221;1\/2&#8243;][vc_column_text]<\/p>\n<ol start=\"2\">\n<li><strong><a href=\"http:\/\/www.dalmacija-kamen.hr\/en\/materijal\/bunja\/\">BUNJA<\/a><\/strong><\/li>\n<\/ol>\n<p>Bunja is of properly rectangular shape in various dimensions. The most\noften dimensions are 15cm x free length and 12cm x free length, but\nthere is a possibility of production in various different shapes.<\/p>\n<p>It is hand carved and... <strong><a href=\"http:\/\/www.dalmacija-kamen.hr\/en\/materijal\/bunja\/\">Read more...<\/a><\/strong>[\/vc_column_text][\/vc_column][vc_column width=&#8221;1\/2&#8243;][vc_images_carousel images=&#8221;136,135,134,137,138&#8243; img_size=&#8221;150&#8243; onclick=&#8221;custom_link&#8221; slides_per_view=&#8221;2&#8243; custom_links=&#8221;#E-8_aHR0cCUzQSUyRiUyRnd3dy5kYWxtYWNpamEta2FtZW4uaHIlMkZtYXRlcmlqYWwlMkZidW5qYQ==&#8221;][\/vc_column][vc_column][vc_separator color=&#8221;blue&#8221; style=&#8221;shadow&#8221;][\/vc_column][\/vc_row][vc_row][vc_column width=&#8221;1\/2&#8243;][vc_column_text]<\/p>\n<ol start=\"3\">\n<li><strong><a href=\"http:\/\/www.dalmacija-kamen.hr\/en\/materijal\/lomljeni-kamen\/\">BROKEN STONE<\/a><\/strong><\/li>\n<\/ol>\n<p>By term BROKEN STONE we consider plates of various thickness, from 0,5 cm \u2013 4 cm used for walls cladding and paving     of horizontal surfaces such as trails,  stairs, parking spaces, terraces etc.\nBROKEN STONE is made in irregular shape and... <strong><a href=\"http:\/\/www.dalmacija-kamen.hr\/en\/materijal\/lomljeni-kamen\/\">Read more...<\/a><\/strong>[\/vc_column_text][\/vc_column][vc_column width=&#8221;1\/2&#8243;][vc_images_carousel images=&#8221;153,145,149,148,146,150,144,152,143,147,151&#8243; img_size=&#8221;150&#8243; onclick=&#8221;custom_link&#8221; slides_per_view=&#8221;2&#8243; custom_links=&#8221;#E-8_aHR0cCUzQSUyRiUyRnd3dy5kYWxtYWNpamEta2FtZW4uaHIlMkZtYXRlcmlqYWwlMkZsb21samVuaS1rYW1lbg==&#8221;][\/vc_column][vc_column][vc_separator color=&#8221;blue&#8221; style=&#8221;shadow&#8221;][\/vc_column][\/vc_row][vc_row][vc_column width=&#8221;1\/2&#8243;][vc_column_text]<\/p>\n<ol start=\"4\">\n<li><strong><a href=\"http:\/\/www.dalmacija-kamen.hr\/en\/materijal\/ciklop\/\">CIKLOP<\/a><\/strong><\/li>\n<\/ol>\n<p>Cikop is hand-carved stone of irregular shape used only for covering\nwalls and vertical surfaces. It\u2019s specificity is that the color\ndepends of a stone structure and it varies from the shades of glassy\nwhite to dark grey and in some cases blue color.\nIt is also used... <strong><a href=\"http:\/\/www.dalmacija-kamen.hr\/en\/materijal\/ciklop\/\">Read more...<\/a><\/strong>[\/vc_column_text][\/vc_column][vc_column width=&#8221;1\/2&#8243;][vc_images_carousel images=&#8221;164,156,159,160,158,161,162,163,165,166,157&#8243; img_size=&#8221;150&#8243; onclick=&#8221;custom_link&#8221; slides_per_view=&#8221;2&#8243; custom_links=&#8221;#E-8_aHR0cCUzQSUyRiUyRnd3dy5kYWxtYWNpamEta2FtZW4uaHIlMkZtYXRlcmlqYWwlMkZjaWtsb3A=&#8221;][\/vc_column][vc_column][vc_separator color=&#8221;blue&#8221; style=&#8221;shadow&#8221;][\/vc_column][\/vc_row][vc_row][vc_column width=&#8221;1\/2&#8243;][vc_column_text]<\/p>\n<ol start=\"5\">\n<li><strong><a href=\"http:\/\/www.dalmacija-kamen.hr\/en\/materijal\/pilana-ploca\/\">SAWMILL STONE<\/a><\/strong><\/li>\n<\/ol>\n<p>Sawmill stone is  Benkovac stone sawed in properly rectangular or square shape and it can be made in diffferent dimensions.<\/p>\n<p>It comes in various shades, from light beige to dark orange or even light blue.\nWith... <strong><a href=\"http:\/\/www.dalmacija-kamen.hr\/en\/materijal\/pilana-ploca\/\">Read more...<\/a><\/strong>[\/vc_column_text][\/vc_column][vc_column width=&#8221;1\/2&#8243;][vc_images_carousel images=&#8221;176,170,169,172,175,173,174,75&#8243; img_size=&#8221;150&#8243; onclick=&#8221;custom_link&#8221; slides_per_view=&#8221;2&#8243; custom_links=&#8221;#E-8_aHR0cCUzQSUyRiUyRnd3dy5kYWxtYWNpamEta2FtZW4uaHIlMkZtYXRlcmlqYWwlMkZwaWxhbmEtcGxvY2E=&#8221;][\/vc_column][vc_column][vc_separator color=&#8221;blue&#8221; style=&#8221;shadow&#8221;][\/vc_column][\/vc_row][vc_row][vc_column width=&#8221;1\/2&#8243;][vc_column_text]<\/p>\n<ol start=\"6\">\n<li><strong><a href=\"http:\/\/www.dalmacija-kamen.hr\/en\/materijal\/stepenice\/\">STAIRS AND WALL COVERS<\/a><\/strong><\/li>\n<\/ol>\n<p>According to the needs and wishes of the customer we make stone steps\nfor stairs (foreheads and treads) as well as wall coverings in\nvarious techniques of carving.<\/p>\n<p>We also make massive stairs from one or more pieces of stone. <strong><a href=\"http:\/\/www.dalmacija-kamen.hr\/en\/materijal\/stepenice\/\">Read more...<\/a><\/strong>[\/vc_column_text][\/vc_column][vc_column width=&#8221;1\/2&#8243;][vc_images_carousel images=&#8221;195,183,178,182,179,190,180,181,184,185,186,187,188,189,191,192,193,194,196&#8243; img_size=&#8221;150&#8243; onclick=&#8221;custom_link&#8221; slides_per_view=&#8221;2&#8243; custom_links=&#8221;#E-8_aHR0cCUzQSUyRiUyRnd3dy5kYWxtYWNpamEta2FtZW4uaHIlMkZtYXRlcmlqYWwlMkZzdGVwZW5pY2U=&#8221;][\/vc_column][vc_column][vc_separator color=&#8221;blue&#8221; style=&#8221;shadow&#8221;][\/vc_column][\/vc_row][vc_row][vc_column width=&#8221;1\/2&#8243;][vc_column_text]<\/p>\n<ol start=\"7\">\n<li><strong><a href=\"http:\/\/www.dalmacija-kamen.hr\/en\/materijal\/antico\/\">ANTICO<\/a><\/strong><\/li>\n<\/ol>\n<p>Antiko is anyone of Benkovac stone further processed by a process\nsimilar to sandblasting: for example Antiko Ben, AntikoBunja, Antiko\nBroken Stone, AntikoCiklop, Antiko sawmill stone.<\/p>\n<p>The stone processed this way looks... <strong><a href=\"http:\/\/www.dalmacija-kamen.hr\/en\/materijal\/antico\/\">Read more...<\/a><\/strong>[\/vc_column_text][\/vc_column][vc_column width=&#8221;1\/2&#8243;][vc_images_carousel images=&#8221;200,199,201,202&#8243; img_size=&#8221;150&#8243; onclick=&#8221;custom_link&#8221; slides_per_view=&#8221;2&#8243; wrap=&#8221;yes&#8221; custom_links=&#8221;#E-8_aHR0cCUzQSUyRiUyRnd3dy5kYWxtYWNpamEta2FtZW4uaHIlMkZtYXRlcmlqYWwlMkZhbnRpY28=&#8221;][\/vc_column][vc_column][vc_separator color=&#8221;blue&#8221; style=&#8221;shadow&#8221;][\/vc_column][\/vc_row][vc_row][vc_column width=&#8221;1\/2&#8243;][vc_column_text]<\/p>\n<ol start=\"8\">\n<li><strong><a href=\"http:\/\/www.dalmacija-kamen.hr\/en\/materijal\/stolovi-i-ostalo\/\">TABLES AND OTHER<\/a><\/strong><\/li>\n<\/ol>\n<p>Stolovi i klupe od benkova\u010dkog plo\u010dastog kamena izra\u0111ujemo u raznim dimenzijama, oblicima i tehnikama obrade. U dogovoru sa kupcima radimo i unikatne stolove sa raznim gravurama.[\/vc_column_text][\/vc_column][vc_column width=&#8221;1\/2&#8243;][vc_images_carousel images=&#8221;72&#8243;][\/vc_column][vc_column][vc_separator color=&#8221;blue&#8221; style=&#8221;shadow&#8221;][\/vc_column][\/vc_row]<\/p>","protected":false},"excerpt":{"rendered":"<p>[vc_row][vc_column width=&#8221;1\/2&#8243;][vc_column_text] BEN Ben je vrsta kamena koja slu\u017ei za oblaganje zidova. Koristi se za eksterijere i interijere. Jako je efektnog izgleda i zid oblo\u017een BENOM ostavlja dojam zida ozidanog kamenom. Pro\u010ditaj vi\u0161e&#8230;[\/vc_column_text][\/vc_column][vc_column width=&#8221;1\/2&#8243;][vc_images_carousel images=&#8221;122,120,121,123,124,119,125,126,127,128,129,130&#8243; img_size=&#8221;150&#8243; onclick=&#8221;custom_link&#8221; slides_per_view=&#8221;2&#8243; custom_links=&#8221;#E-8_aHR0cCUzQSUyRiUyRnd3dy5kYWxtYWNpamEta2FtZW4uaHIlMkZtYXRlcmlqYWwlMkZiZW4=&#8221;][\/vc_column][\/vc_row][vc_row][vc_column][vc_separator color=&#8221;blue&#8221; style=&#8221;shadow&#8221;][\/vc_column][\/vc_row][vc_row][vc_column width=&#8221;1\/2&#8243;][vc_column_text] BUNJA Bunja je pravilno-pravokutnog oblika u razli\u010ditim dimenzijama. Naj\u010de\u0161\u0107e dimenzije su 15 cm [&hellip;]<\/p>","protected":false},"author":2,"featured_media":0,"parent":0,"menu_order":0,"comment_status":"closed","ping_status":"closed","template":"","meta":[],"_links":{"self":[{"href":"https:\/\/www.dalmacija-kamen.hr\/en\/wp-json\/wp\/v2\/pages\/21"}],"collection":[{"href":"https:\/\/www.dalmacija-kamen.hr\/en\/wp-json\/wp\/v2\/pages"}],"about":[{"href":"https:\/\/www.dalmacija-kamen.hr\/en\/wp-json\/wp\/v2\/types\/page"}],"author":[{"embeddable":true,"href":"https:\/\/www.dalmacija-kamen.hr\/en\/wp-json\/wp\/v2\/users\/2"}],"replies":[{"embeddable":true,"href":"https:\/\/www.dalmacija-kamen.hr\/en\/wp-json\/wp\/v2\/comments?post=21"}],"version-history":[{"count":18,"href":"https:\/\/www.dalmacija-kamen.hr\/en\/wp-json\/wp\/v2\/pages\/21\/revisions"}],"predecessor-version":[{"id":228,"href":"https:\/\/www.dalmacija-kamen.hr\/en\/wp-json\/wp\/v2\/pages\/21\/revisions\/228"}],"wp:attachment":[{"href":"https:\/\/www.dalmacija-kamen.hr\/en\/wp-json\/wp\/v2\/media?parent=21"}],"curies":[{"name":"wp","href":"https:\/\/api.w.org\/{rel}","templated":true}]}}