{"id":27,"date":"2015-12-16T18:54:21","date_gmt":"2015-12-16T18:54:21","guid":{"rendered":"http:\/\/www.dalmacija-kamen.hr\/?page_id=27"},"modified":"2016-02-01T16:12:02","modified_gmt":"2016-02-01T16:12:02","slug":"o-nama","status":"publish","type":"page","link":"https:\/\/www.dalmacija-kamen.hr\/en\/o-nama\/","title":{"rendered":"About us"},"content":{"rendered":"<p>[vc_row][vc_column][vc_column_text]Obrt \u201eDalmacija\u201c se bavi eksploatacijom, obradom i ugradnjom benkova\u010dkog kamena.<\/p>\n<p>We exploit stone in our stone pit in the area of the Benkovac city.<\/p>\n<p>We have all the necessary equipment for the exploitation and\nprocessing of stone.<\/p>\n<p>In addition to a wide range of our quality products, we also offer\nuseful advice to our customers when choosing the best type of stone\nfor a particular space.<\/p>\n<p>Dugi niz godina iskustva i rada s benkova\u010dkim kamenom osigurao nam je mno\u0161tvo ideja koje rado predlo\u017eimo kupcima kako bi dobili najbolje rezultate i ostvarili svoju zamisao.[\/vc_column_text][\/vc_column][\/vc_row]<\/p>","protected":false},"excerpt":{"rendered":"<p>[vc_row][vc_column][vc_column_text]Obrt \u201eDalmacija\u201c se bavi eksploatacijom, obradom i ugradnjom benkova\u010dkog kamena. Eksploataciju kamena vr\u0161imo u svom kamenolomu na podru\u010dju grada Benkovca. Posjedujemo svu potrebnu tehniku za eksploataciju i obradu kamena. Pored \u0161irokog asortimana na\u0161ih kvalitetnih proizvoda nudimo i korisne savjete svojim kupcima pri odabiru najbolje vrste kamena za odre\u0111eni prostor. Dugi niz godina iskustva i rada [&hellip;]<\/p>","protected":false},"author":2,"featured_media":0,"parent":0,"menu_order":0,"comment_status":"closed","ping_status":"closed","template":"","meta":[],"_links":{"self":[{"href":"https:\/\/www.dalmacija-kamen.hr\/en\/wp-json\/wp\/v2\/pages\/27"}],"collection":[{"href":"https:\/\/www.dalmacija-kamen.hr\/en\/wp-json\/wp\/v2\/pages"}],"about":[{"href":"https:\/\/www.dalmacija-kamen.hr\/en\/wp-json\/wp\/v2\/types\/page"}],"author":[{"embeddable":true,"href":"https:\/\/www.dalmacija-kamen.hr\/en\/wp-json\/wp\/v2\/users\/2"}],"replies":[{"embeddable":true,"href":"https:\/\/www.dalmacija-kamen.hr\/en\/wp-json\/wp\/v2\/comments?post=27"}],"version-history":[{"count":4,"href":"https:\/\/www.dalmacija-kamen.hr\/en\/wp-json\/wp\/v2\/pages\/27\/revisions"}],"predecessor-version":[{"id":248,"href":"https:\/\/www.dalmacija-kamen.hr\/en\/wp-json\/wp\/v2\/pages\/27\/revisions\/248"}],"wp:attachment":[{"href":"https:\/\/www.dalmacija-kamen.hr\/en\/wp-json\/wp\/v2\/media?parent=27"}],"curies":[{"name":"wp","href":"https:\/\/api.w.org\/{rel}","templated":true}]}}