{"id":80,"date":"2015-12-16T21:18:24","date_gmt":"2015-12-16T21:18:24","guid":{"rendered":"http:\/\/www.dalmacija-kamen.hr\/?page_id=80"},"modified":"2020-07-31T10:12:36","modified_gmt":"2020-07-31T10:12:36","slug":"ben","status":"publish","type":"page","link":"https:\/\/www.dalmacija-kamen.hr\/en\/proizvodi\/ben\/","title":{"rendered":"Ben"},"content":{"rendered":"<p>[vc_row][vc_column][vc_column_text]Ben je vrsta kamena koja slu\u017ei za oblaganje zidova. Koristi se za eksterijere i interijere.<\/p>\n<p>With it\u2019s effective look, a wall covered with BEN make impression that\nthe wall was built of stone. BEN is also produced in L profile used\nfor corners which gives them a massive appearance.<\/p>\n<p>There are various dimensions of this stone and it\u2019s height depends of\na thickness of a stone.<\/p>\n<p>Arhitekti sve \u010de\u0161\u0107e predla\u017eu BEN u svojim projektima, jer pri oblaganju Zida BENOM najmanji su gubici prostora, osobito kod interijera.[\/vc_column_text][\/vc_column][\/vc_row][vc_row][vc_column][vc_gallery type=&#8221;image_grid&#8221; images=&#8221;311,309,308,310,312,122,121,123,120,130,129,128,127,126,125,124,119,118&#8243; img_size=&#8221;174&#8243;][\/vc_column][\/vc_row]<\/p>","protected":false},"excerpt":{"rendered":"<p>[vc_row][vc_column][vc_column_text]Ben je vrsta kamena koja slu\u017ei za oblaganje zidova. Koristi se za eksterijere i interijere. Jako je efektnog izgleda i zid oblo\u017een BENOM ostavlja dojam zida ozidanog kamenom. Ben se proizvodi i u \u201eL\u201c profilu koji slu\u017ei za oblaganje kutova zida i na taj na\u010din izgledaju masivno. Dimenzije ove vrste kamena mogu biti razne, a [&hellip;]<\/p>","protected":false},"author":2,"featured_media":0,"parent":21,"menu_order":0,"comment_status":"closed","ping_status":"closed","template":"","meta":[],"_links":{"self":[{"href":"https:\/\/www.dalmacija-kamen.hr\/en\/wp-json\/wp\/v2\/pages\/80"}],"collection":[{"href":"https:\/\/www.dalmacija-kamen.hr\/en\/wp-json\/wp\/v2\/pages"}],"about":[{"href":"https:\/\/www.dalmacija-kamen.hr\/en\/wp-json\/wp\/v2\/types\/page"}],"author":[{"embeddable":true,"href":"https:\/\/www.dalmacija-kamen.hr\/en\/wp-json\/wp\/v2\/users\/2"}],"replies":[{"embeddable":true,"href":"https:\/\/www.dalmacija-kamen.hr\/en\/wp-json\/wp\/v2\/comments?post=80"}],"version-history":[{"count":4,"href":"https:\/\/www.dalmacija-kamen.hr\/en\/wp-json\/wp\/v2\/pages\/80\/revisions"}],"predecessor-version":[{"id":313,"href":"https:\/\/www.dalmacija-kamen.hr\/en\/wp-json\/wp\/v2\/pages\/80\/revisions\/313"}],"up":[{"embeddable":true,"href":"https:\/\/www.dalmacija-kamen.hr\/en\/wp-json\/wp\/v2\/pages\/21"}],"wp:attachment":[{"href":"https:\/\/www.dalmacija-kamen.hr\/en\/wp-json\/wp\/v2\/media?parent=80"}],"curies":[{"name":"wp","href":"https:\/\/api.w.org\/{rel}","templated":true}]}}