{"id":84,"date":"2015-12-16T21:30:04","date_gmt":"2015-12-16T21:30:04","guid":{"rendered":"http:\/\/www.dalmacija-kamen.hr\/?page_id=84"},"modified":"2016-01-14T13:42:12","modified_gmt":"2016-01-14T13:42:12","slug":"bunja","status":"publish","type":"page","link":"https:\/\/www.dalmacija-kamen.hr\/en\/proizvodi\/bunja\/","title":{"rendered":"Bunja"},"content":{"rendered":"<p>[vc_row][vc_column][vc_column_text]Bunja je pravilno-pravokutnog oblika u razli\u010ditim dimenzijama. Naj\u010de\u0161\u0107e dimenzije su 15 cm x slobodna du\u017eina i 12 cm x slobodna du\u017eina, a postoji mogu\u0107nost izrade i u raznim drugim dimenzijama.<\/p>\n<p>It is hand carved and the visible part has a characteristic relief.<\/p>\n<p>It is produced in different types of carving and also in different colors.<\/p>\n<p>Veoma je zastupljena na fasadama ku\u0107a u Dalmaciji, ali i u unutra\u0161njosti Hrvatske.[\/vc_column_text][\/vc_column][\/vc_row][vc_row][vc_column][vc_gallery type=&#8221;image_grid&#8221; images=&#8221;136,135,134,138,137&#8243; img_size=&#8221;173&#8243;][\/vc_column][\/vc_row]<\/p>","protected":false},"excerpt":{"rendered":"<p>[vc_row][vc_column][vc_column_text]Bunja je pravilno-pravokutnog oblika u razli\u010ditim dimenzijama. Naj\u010de\u0161\u0107e dimenzije su 15 cm x slobodna du\u017eina i 12 cm x slobodna du\u017eina, a postoji mogu\u0107nost izrade i u raznim drugim dimenzijama. Ru\u010dno je oklesana i vidljivi dio ima karakteristi\u010dan reljef. Proizvodi se u raznim vrstama klesanja, a tako\u0111er i u raznim bojama. Veoma je zastupljena na [&hellip;]<\/p>","protected":false},"author":2,"featured_media":0,"parent":21,"menu_order":0,"comment_status":"closed","ping_status":"closed","template":"","meta":[],"_links":{"self":[{"href":"https:\/\/www.dalmacija-kamen.hr\/en\/wp-json\/wp\/v2\/pages\/84"}],"collection":[{"href":"https:\/\/www.dalmacija-kamen.hr\/en\/wp-json\/wp\/v2\/pages"}],"about":[{"href":"https:\/\/www.dalmacija-kamen.hr\/en\/wp-json\/wp\/v2\/types\/page"}],"author":[{"embeddable":true,"href":"https:\/\/www.dalmacija-kamen.hr\/en\/wp-json\/wp\/v2\/users\/2"}],"replies":[{"embeddable":true,"href":"https:\/\/www.dalmacija-kamen.hr\/en\/wp-json\/wp\/v2\/comments?post=84"}],"version-history":[{"count":3,"href":"https:\/\/www.dalmacija-kamen.hr\/en\/wp-json\/wp\/v2\/pages\/84\/revisions"}],"predecessor-version":[{"id":230,"href":"https:\/\/www.dalmacija-kamen.hr\/en\/wp-json\/wp\/v2\/pages\/84\/revisions\/230"}],"up":[{"embeddable":true,"href":"https:\/\/www.dalmacija-kamen.hr\/en\/wp-json\/wp\/v2\/pages\/21"}],"wp:attachment":[{"href":"https:\/\/www.dalmacija-kamen.hr\/en\/wp-json\/wp\/v2\/media?parent=84"}],"curies":[{"name":"wp","href":"https:\/\/api.w.org\/{rel}","templated":true}]}}