{"id":86,"date":"2015-12-16T21:30:45","date_gmt":"2015-12-16T21:30:45","guid":{"rendered":"http:\/\/www.dalmacija-kamen.hr\/?page_id=86"},"modified":"2020-07-31T10:02:29","modified_gmt":"2020-07-31T10:02:29","slug":"lomljeni-kamen","status":"publish","type":"page","link":"https:\/\/www.dalmacija-kamen.hr\/en\/proizvodi\/lomljeni-kamen\/","title":{"rendered":"Broken stone"},"content":{"rendered":"<p>[vc_row][vc_column][vc_column_text]Pod pojmom LOMLJENI KAMEN podrazumijevamo plo\u010de razli\u010ditih debljina od 0,5 cm \u2013 4 cm koje slu\u017ee za oblaganje zidova i poplo\u010davanje raznih horizontalnih povr\u0161ina kao \u0161to su staze, stepeni\u0161ta, parkirne povr\u0161ine, terase i sl.<\/p>\n<p>BROKEN STONE is made in irregular shape and in color characteristic\nfor Benkovac stone<\/p>\n<p>Lomljeni kamen je najrasprostranjeniji proizvod.[\/vc_column_text][\/vc_column][\/vc_row][vc_row][vc_column][vc_gallery type=&#8221;image_grid&#8221; images=&#8221;306,305,304,303,153,145,149,152,147,150,148,146,144,143,151&#8243; img_size=&#8221;174&#8243;][\/vc_column][\/vc_row]<\/p>","protected":false},"excerpt":{"rendered":"<p>[vc_row][vc_column][vc_column_text]Pod pojmom LOMLJENI KAMEN podrazumijevamo plo\u010de razli\u010ditih debljina od 0,5 cm \u2013 4 cm koje slu\u017ee za oblaganje zidova i poplo\u010davanje raznih horizontalnih povr\u0161ina kao \u0161to su staze, stepeni\u0161ta, parkirne povr\u0161ine, terase i sl. Lomljeni kamen je nepravilnog oblika i boje koja je karakteristi\u010dna za benkova\u010dki kamen. Lomljeni kamen je najrasprostranjeniji proizvod.[\/vc_column_text][\/vc_column][\/vc_row][vc_row][vc_column][vc_gallery type=&#8221;image_grid&#8221; images=&#8221;306,305,304,303,153,145,149,152,147,150,148,146,144,143,151&#8243; img_size=&#8221;174&#8243;][\/vc_column][\/vc_row]<\/p>","protected":false},"author":2,"featured_media":0,"parent":21,"menu_order":0,"comment_status":"closed","ping_status":"closed","template":"","meta":[],"_links":{"self":[{"href":"https:\/\/www.dalmacija-kamen.hr\/en\/wp-json\/wp\/v2\/pages\/86"}],"collection":[{"href":"https:\/\/www.dalmacija-kamen.hr\/en\/wp-json\/wp\/v2\/pages"}],"about":[{"href":"https:\/\/www.dalmacija-kamen.hr\/en\/wp-json\/wp\/v2\/types\/page"}],"author":[{"embeddable":true,"href":"https:\/\/www.dalmacija-kamen.hr\/en\/wp-json\/wp\/v2\/users\/2"}],"replies":[{"embeddable":true,"href":"https:\/\/www.dalmacija-kamen.hr\/en\/wp-json\/wp\/v2\/comments?post=86"}],"version-history":[{"count":4,"href":"https:\/\/www.dalmacija-kamen.hr\/en\/wp-json\/wp\/v2\/pages\/86\/revisions"}],"predecessor-version":[{"id":307,"href":"https:\/\/www.dalmacija-kamen.hr\/en\/wp-json\/wp\/v2\/pages\/86\/revisions\/307"}],"up":[{"embeddable":true,"href":"https:\/\/www.dalmacija-kamen.hr\/en\/wp-json\/wp\/v2\/pages\/21"}],"wp:attachment":[{"href":"https:\/\/www.dalmacija-kamen.hr\/en\/wp-json\/wp\/v2\/media?parent=86"}],"curies":[{"name":"wp","href":"https:\/\/api.w.org\/{rel}","templated":true}]}}