{"id":88,"date":"2015-12-16T21:31:20","date_gmt":"2015-12-16T21:31:20","guid":{"rendered":"http:\/\/www.dalmacija-kamen.hr\/?page_id=88"},"modified":"2020-07-31T09:57:08","modified_gmt":"2020-07-31T09:57:08","slug":"ciklop","status":"publish","type":"page","link":"https:\/\/www.dalmacija-kamen.hr\/en\/proizvodi\/ciklop\/","title":{"rendered":"Ciklop"},"content":{"rendered":"<p>[vc_row][vc_column][vc_column_text]Ciklop je ru\u010dno oklesani kamen nepravilnog oblika, a slu\u017ei isklju\u010divo za oblaganje zidova i vertikalnih povr\u0161ina. Njegova specifi\u010dnost je u tome \u0161to mu boja ovisi o strukturi kamena, pa ona varira od staklasto bijele sve do tamno sive ili u nekim slu\u010dajevima i plave boje.<br \/>\nPrimjenjuje se i u ure\u0111enju interijera.[\/vc_column_text][\/vc_column][\/vc_row][vc_row][vc_column][vc_gallery type=&#8221;image_grid&#8221; images=&#8221;297,298,299,164,156,160,159,158,166,163,162,161,157,165,300&#8243; img_size=&#8221;174&#8243;][\/vc_column][\/vc_row]<\/p>","protected":false},"excerpt":{"rendered":"<p>[vc_row][vc_column][vc_column_text]Ciklop je ru\u010dno oklesani kamen nepravilnog oblika, a slu\u017ei isklju\u010divo za oblaganje zidova i vertikalnih povr\u0161ina. Njegova specifi\u010dnost je u tome \u0161to mu boja ovisi o strukturi kamena, pa ona varira od staklasto bijele sve do tamno sive ili u nekim slu\u010dajevima i plave boje. Primjenjuje se i u ure\u0111enju interijera.[\/vc_column_text][\/vc_column][\/vc_row][vc_row][vc_column][vc_gallery type=&#8221;image_grid&#8221; images=&#8221;297,298,299,164,156,160,159,158,166,163,162,161,157,165,300&#8243; img_size=&#8221;174&#8243;][\/vc_column][\/vc_row]<\/p>","protected":false},"author":2,"featured_media":0,"parent":21,"menu_order":0,"comment_status":"closed","ping_status":"closed","template":"","meta":[],"_links":{"self":[{"href":"https:\/\/www.dalmacija-kamen.hr\/en\/wp-json\/wp\/v2\/pages\/88"}],"collection":[{"href":"https:\/\/www.dalmacija-kamen.hr\/en\/wp-json\/wp\/v2\/pages"}],"about":[{"href":"https:\/\/www.dalmacija-kamen.hr\/en\/wp-json\/wp\/v2\/types\/page"}],"author":[{"embeddable":true,"href":"https:\/\/www.dalmacija-kamen.hr\/en\/wp-json\/wp\/v2\/users\/2"}],"replies":[{"embeddable":true,"href":"https:\/\/www.dalmacija-kamen.hr\/en\/wp-json\/wp\/v2\/comments?post=88"}],"version-history":[{"count":5,"href":"https:\/\/www.dalmacija-kamen.hr\/en\/wp-json\/wp\/v2\/pages\/88\/revisions"}],"predecessor-version":[{"id":302,"href":"https:\/\/www.dalmacija-kamen.hr\/en\/wp-json\/wp\/v2\/pages\/88\/revisions\/302"}],"up":[{"embeddable":true,"href":"https:\/\/www.dalmacija-kamen.hr\/en\/wp-json\/wp\/v2\/pages\/21"}],"wp:attachment":[{"href":"https:\/\/www.dalmacija-kamen.hr\/en\/wp-json\/wp\/v2\/media?parent=88"}],"curies":[{"name":"wp","href":"https:\/\/api.w.org\/{rel}","templated":true}]}}