{"id":90,"date":"2015-12-16T21:31:52","date_gmt":"2015-12-16T21:31:52","guid":{"rendered":"http:\/\/www.dalmacija-kamen.hr\/?page_id=90"},"modified":"2020-07-31T09:37:59","modified_gmt":"2020-07-31T09:37:59","slug":"pilana-ploca","status":"publish","type":"page","link":"https:\/\/www.dalmacija-kamen.hr\/en\/proizvodi\/pilana-ploca\/","title":{"rendered":"Sowmill stone"},"content":{"rendered":"<p>[vc_row][vc_column][vc_column_text]Pilana plo\u010da je benkova\u010dka plo\u010da ispilana u pravilan pravokutni ili kvadratni oblik te mo\u017ee biti raznih dimenzija.<\/p>\n<p>It comes in various shades, from light beige to dark orange or even light blue.<\/p>\n<p>Sa pilanom plo\u010dom se obla\u017eu zidovi ili se poplo\u010davaju horizontalne povr\u0161ine, a \u010desto se kombinira sa ostalim proizvodima benkova\u010dkog kamena.[\/vc_column_text][\/vc_column][\/vc_row][vc_row][vc_column][vc_gallery type=&#8221;image_grid&#8221; images=&#8221;292,176,295,291,293,170,169,175,174,294,173,172,75&#8243; img_size=&#8221;174&#8243;][\/vc_column][\/vc_row]<\/p>","protected":false},"excerpt":{"rendered":"<p>[vc_row][vc_column][vc_column_text]Pilana plo\u010da je benkova\u010dka plo\u010da ispilana u pravilan pravokutni ili kvadratni oblik te mo\u017ee biti raznih dimenzija. Mo\u017ee biti u raznim nijansama boje od svijetlo krem do tamno naran\u010daste, pa \u010dak i svijetlo plave. Sa pilanom plo\u010dom se obla\u017eu zidovi ili se poplo\u010davaju horizontalne povr\u0161ine, a \u010desto se kombinira sa ostalim proizvodima benkova\u010dkog kamena.[\/vc_column_text][\/vc_column][\/vc_row][vc_row][vc_column][vc_gallery type=&#8221;image_grid&#8221; [&hellip;]<\/p>","protected":false},"author":2,"featured_media":0,"parent":21,"menu_order":0,"comment_status":"closed","ping_status":"closed","template":"","meta":[],"_links":{"self":[{"href":"https:\/\/www.dalmacija-kamen.hr\/en\/wp-json\/wp\/v2\/pages\/90"}],"collection":[{"href":"https:\/\/www.dalmacija-kamen.hr\/en\/wp-json\/wp\/v2\/pages"}],"about":[{"href":"https:\/\/www.dalmacija-kamen.hr\/en\/wp-json\/wp\/v2\/types\/page"}],"author":[{"embeddable":true,"href":"https:\/\/www.dalmacija-kamen.hr\/en\/wp-json\/wp\/v2\/users\/2"}],"replies":[{"embeddable":true,"href":"https:\/\/www.dalmacija-kamen.hr\/en\/wp-json\/wp\/v2\/comments?post=90"}],"version-history":[{"count":4,"href":"https:\/\/www.dalmacija-kamen.hr\/en\/wp-json\/wp\/v2\/pages\/90\/revisions"}],"predecessor-version":[{"id":296,"href":"https:\/\/www.dalmacija-kamen.hr\/en\/wp-json\/wp\/v2\/pages\/90\/revisions\/296"}],"up":[{"embeddable":true,"href":"https:\/\/www.dalmacija-kamen.hr\/en\/wp-json\/wp\/v2\/pages\/21"}],"wp:attachment":[{"href":"https:\/\/www.dalmacija-kamen.hr\/en\/wp-json\/wp\/v2\/media?parent=90"}],"curies":[{"name":"wp","href":"https:\/\/api.w.org\/{rel}","templated":true}]}}