{"id":92,"date":"2015-12-16T21:33:41","date_gmt":"2015-12-16T21:33:41","guid":{"rendered":"http:\/\/www.dalmacija-kamen.hr\/?page_id=92"},"modified":"2016-01-14T13:46:58","modified_gmt":"2016-01-14T13:46:58","slug":"stepenice","status":"publish","type":"page","link":"https:\/\/www.dalmacija-kamen.hr\/en\/proizvodi\/stepenice\/","title":{"rendered":"Stairs and wall covers"},"content":{"rendered":"<p>[vc_row][vc_column][vc_column_text]Prema potrebi i \u017eelji kupaca izra\u0111ujemo obloge za stepeni\u0161ta (\u010dela i gazi\u0161ta), kao i zidne poklopce u raznim tehnikama obrade.<\/p>\n<p>Izra\u0111ujemo i masivne stepenice iz jednog ili vi\u0161e komada kamena.[\/vc_column_text][\/vc_column][\/vc_row][vc_row][vc_column][vc_gallery type=&#8221;image_grid&#8221; images=&#8221;195,183,182,178,179,190,180,196,194,193,192,191,189,188,187,186,185,184,181&#8243; img_size=&#8221;173&#8243;][\/vc_column][\/vc_row]<\/p>","protected":false},"excerpt":{"rendered":"<p>[vc_row][vc_column][vc_column_text]Prema potrebi i \u017eelji kupaca izra\u0111ujemo obloge za stepeni\u0161ta (\u010dela i gazi\u0161ta), kao i zidne poklopce u raznim tehnikama obrade. Izra\u0111ujemo i masivne stepenice iz jednog ili vi\u0161e komada kamena.[\/vc_column_text][\/vc_column][\/vc_row][vc_row][vc_column][vc_gallery type=&#8221;image_grid&#8221; images=&#8221;195,183,182,178,179,190,180,196,194,193,192,191,189,188,187,186,185,184,181&#8243; img_size=&#8221;173&#8243;][\/vc_column][\/vc_row]<\/p>","protected":false},"author":2,"featured_media":0,"parent":21,"menu_order":0,"comment_status":"closed","ping_status":"closed","template":"","meta":[],"_links":{"self":[{"href":"https:\/\/www.dalmacija-kamen.hr\/en\/wp-json\/wp\/v2\/pages\/92"}],"collection":[{"href":"https:\/\/www.dalmacija-kamen.hr\/en\/wp-json\/wp\/v2\/pages"}],"about":[{"href":"https:\/\/www.dalmacija-kamen.hr\/en\/wp-json\/wp\/v2\/types\/page"}],"author":[{"embeddable":true,"href":"https:\/\/www.dalmacija-kamen.hr\/en\/wp-json\/wp\/v2\/users\/2"}],"replies":[{"embeddable":true,"href":"https:\/\/www.dalmacija-kamen.hr\/en\/wp-json\/wp\/v2\/comments?post=92"}],"version-history":[{"count":3,"href":"https:\/\/www.dalmacija-kamen.hr\/en\/wp-json\/wp\/v2\/pages\/92\/revisions"}],"predecessor-version":[{"id":234,"href":"https:\/\/www.dalmacija-kamen.hr\/en\/wp-json\/wp\/v2\/pages\/92\/revisions\/234"}],"up":[{"embeddable":true,"href":"https:\/\/www.dalmacija-kamen.hr\/en\/wp-json\/wp\/v2\/pages\/21"}],"wp:attachment":[{"href":"https:\/\/www.dalmacija-kamen.hr\/en\/wp-json\/wp\/v2\/media?parent=92"}],"curies":[{"name":"wp","href":"https:\/\/api.w.org\/{rel}","templated":true}]}}