{"id":94,"date":"2015-12-16T21:34:14","date_gmt":"2015-12-16T21:34:14","guid":{"rendered":"http:\/\/www.dalmacija-kamen.hr\/?page_id=94"},"modified":"2020-08-01T12:04:46","modified_gmt":"2020-08-01T12:04:46","slug":"antico","status":"publish","type":"page","link":"https:\/\/www.dalmacija-kamen.hr\/en\/proizvodi\/antico\/","title":{"rendered":"Antico"},"content":{"rendered":"<p>[vc_row][vc_column][vc_column_text]Antico je bilo koji od proizvoda benkova\u010dkog kamena koji je dodatno obra\u0111en procesom koji je sli\u010dan pjeskarenju, npr.: Antico Ben, Antico Bunja, Antico Lomljeni kamen, Antico Ciklop&#8230;<\/p>\n<p>Kamen koji se obradi na taj na\u010din izgleda rustikalnije i nema o\u0161trih ivica, te je puno svijetliji od izvorne boje benkova\u010dkog kamena.[\/vc_column_text][\/vc_column][\/vc_row][vc_row][vc_column][vc_gallery type=&#8221;image_grid&#8221; images=&#8221;202,201,200,199&#8243; img_size=&#8221;173&#8243;][\/vc_column][\/vc_row]<\/p>","protected":false},"excerpt":{"rendered":"<p>[vc_row][vc_column][vc_column_text]Antico je bilo koji od proizvoda benkova\u010dkog kamena koji je dodatno obra\u0111en procesom koji je sli\u010dan pjeskarenju, npr.: Antico Ben, Antico Bunja, Antico Lomljeni kamen, Antico Ciklop&#8230; Kamen koji se obradi na taj na\u010din izgleda rustikalnije i nema o\u0161trih ivica, te je puno svijetliji od izvorne boje benkova\u010dkog kamena.[\/vc_column_text][\/vc_column][\/vc_row][vc_row][vc_column][vc_gallery type=&#8221;image_grid&#8221; images=&#8221;202,201,200,199&#8243; img_size=&#8221;173&#8243;][\/vc_column][\/vc_row]<\/p>","protected":false},"author":2,"featured_media":0,"parent":21,"menu_order":0,"comment_status":"closed","ping_status":"closed","template":"","meta":[],"_links":{"self":[{"href":"https:\/\/www.dalmacija-kamen.hr\/en\/wp-json\/wp\/v2\/pages\/94"}],"collection":[{"href":"https:\/\/www.dalmacija-kamen.hr\/en\/wp-json\/wp\/v2\/pages"}],"about":[{"href":"https:\/\/www.dalmacija-kamen.hr\/en\/wp-json\/wp\/v2\/types\/page"}],"author":[{"embeddable":true,"href":"https:\/\/www.dalmacija-kamen.hr\/en\/wp-json\/wp\/v2\/users\/2"}],"replies":[{"embeddable":true,"href":"https:\/\/www.dalmacija-kamen.hr\/en\/wp-json\/wp\/v2\/comments?post=94"}],"version-history":[{"count":10,"href":"https:\/\/www.dalmacija-kamen.hr\/en\/wp-json\/wp\/v2\/pages\/94\/revisions"}],"predecessor-version":[{"id":329,"href":"https:\/\/www.dalmacija-kamen.hr\/en\/wp-json\/wp\/v2\/pages\/94\/revisions\/329"}],"up":[{"embeddable":true,"href":"https:\/\/www.dalmacija-kamen.hr\/en\/wp-json\/wp\/v2\/pages\/21"}],"wp:attachment":[{"href":"https:\/\/www.dalmacija-kamen.hr\/en\/wp-json\/wp\/v2\/media?parent=94"}],"curies":[{"name":"wp","href":"https:\/\/api.w.org\/{rel}","templated":true}]}}