{"id":96,"date":"2015-12-16T21:34:52","date_gmt":"2015-12-16T21:34:52","guid":{"rendered":"http:\/\/www.dalmacija-kamen.hr\/?page_id=96"},"modified":"2020-07-31T09:25:50","modified_gmt":"2020-07-31T09:25:50","slug":"stolovi-i-ostalo","status":"publish","type":"page","link":"https:\/\/www.dalmacija-kamen.hr\/en\/proizvodi\/stolovi-i-ostalo\/","title":{"rendered":"Tables and other"},"content":{"rendered":"<p>[vc_row][vc_column][vc_column_text]Stolovi i klupe od benkova\u010dkog plo\u010dastog kamena izra\u0111ujemo u raznim dimenzijama, oblicima i tehnikama obrade. U dogovoru sa kupcima radimo i unikatne stolove sa raznim gravurama.[\/vc_column_text][\/vc_column][\/vc_row][vc_row][vc_column][vc_gallery type=&#8221;image_grid&#8221; images=&#8221;72,288,283,287,286,284,285&#8243; img_size=&#8221;174&#8243;][\/vc_column][\/vc_row]<\/p>","protected":false},"excerpt":{"rendered":"<p>[vc_row][vc_column][vc_column_text]Stolovi i klupe od benkova\u010dkog plo\u010dastog kamena izra\u0111ujemo u raznim dimenzijama, oblicima i tehnikama obrade. U dogovoru sa kupcima radimo i unikatne stolove sa raznim gravurama.[\/vc_column_text][\/vc_column][\/vc_row][vc_row][vc_column][vc_gallery type=&#8221;image_grid&#8221; images=&#8221;72,288,283,287,286,284,285&#8243; img_size=&#8221;174&#8243;][\/vc_column][\/vc_row]<\/p>","protected":false},"author":2,"featured_media":0,"parent":21,"menu_order":0,"comment_status":"closed","ping_status":"closed","template":"","meta":[],"_links":{"self":[{"href":"https:\/\/www.dalmacija-kamen.hr\/en\/wp-json\/wp\/v2\/pages\/96"}],"collection":[{"href":"https:\/\/www.dalmacija-kamen.hr\/en\/wp-json\/wp\/v2\/pages"}],"about":[{"href":"https:\/\/www.dalmacija-kamen.hr\/en\/wp-json\/wp\/v2\/types\/page"}],"author":[{"embeddable":true,"href":"https:\/\/www.dalmacija-kamen.hr\/en\/wp-json\/wp\/v2\/users\/2"}],"replies":[{"embeddable":true,"href":"https:\/\/www.dalmacija-kamen.hr\/en\/wp-json\/wp\/v2\/comments?post=96"}],"version-history":[{"count":4,"href":"https:\/\/www.dalmacija-kamen.hr\/en\/wp-json\/wp\/v2\/pages\/96\/revisions"}],"predecessor-version":[{"id":290,"href":"https:\/\/www.dalmacija-kamen.hr\/en\/wp-json\/wp\/v2\/pages\/96\/revisions\/290"}],"up":[{"embeddable":true,"href":"https:\/\/www.dalmacija-kamen.hr\/en\/wp-json\/wp\/v2\/pages\/21"}],"wp:attachment":[{"href":"https:\/\/www.dalmacija-kamen.hr\/en\/wp-json\/wp\/v2\/media?parent=96"}],"curies":[{"name":"wp","href":"https:\/\/api.w.org\/{rel}","templated":true}]}}